{"id":1453,"date":"2025-03-12T09:22:10","date_gmt":"2025-03-12T08:22:10","guid":{"rendered":"https:\/\/tarwat.pl\/?page_id=1453"},"modified":"2025-03-12T09:55:26","modified_gmt":"2025-03-12T08:55:26","slug":"dlaczego-my","status":"publish","type":"page","link":"https:\/\/tarwat.pl\/index.php\/dlaczego-my\/","title":{"rendered":"Dlaczego My?"},"content":{"rendered":"<div class=\"vce-row-container\"><div class=\"vce-row vce-row--col-gap-30 vce-row-equal-height vce-row-content--top\" data-vce-full-width=\"true\" data-vce-stretch-content=\"true\" id=\"el-f2d758bb\" data-vce-do-apply=\"all el-f2d758bb\"><div class=\"vce-row-content\" data-vce-element-content=\"true\"><div class=\"vce-col vce-col--md-5p vce-col--xs-1 vce-col--xs-last vce-col--xs-first vce-col--sm-last vce-col--sm-first vce-col--md-first vce-col--lg-first vce-col--xl-first\" id=\"el-a72a7a03\"><div class=\"vce-col-inner\" data-vce-do-apply=\"border margin background  el-a72a7a03\"><div class=\"vce-col-content\" data-vce-element-content=\"true\" data-vce-do-apply=\"padding el-a72a7a03\"><div class=\"vcv-row-control-wrapper\"><\/div><\/div><\/div><\/div><div class=\"vce-col vce-col--md-90p vce-col--xs-1 vce-col--xs-last vce-col--xs-first vce-col--sm-last vce-col--sm-first\" id=\"el-66680965\"><div class=\"vce-col-inner\" data-vce-do-apply=\"border margin background  el-66680965\"><div class=\"vce-col-content\" data-vce-element-content=\"true\" data-vce-do-apply=\"padding el-66680965\"><div class=\"vce-text-block\"><div class=\"vce-text-block-wrapper vce\" id=\"el-eea2e6e7\" data-vce-do-apply=\"all el-eea2e6e7\"><table><tbody><tr><td width=\"340\"><p style=\"text-align: right;\"><span><strong>Lokalny instalator<\/strong><\/span><\/p><\/td><td width=\"431\"><p><span>Jeste\u015bmy <strong>blisko <\/strong>Ciebie, dzi\u0119ki czemu <strong>szybko <\/strong>mo\u017cemy reagowa\u0107 w razie potrzeby.<\/span><\/p><\/td><\/tr><tr><td width=\"340\"><p style=\"text-align: right;\"><span><strong>Dobrze wykonana praca<\/strong><\/span><\/p><\/td><td width=\"431\"><p><span>Prace zawsze wykonywane s\u0105 przez <strong>kompetentnych pracownik\u00f3w<\/strong>, poniewa\u017c nie zatrudniamy ludzi \u201cz \u0142apanki\u201d.<\/span><\/p><\/td><\/tr><tr><td width=\"340\"><p style=\"text-align: right;\"><span><strong>Pe\u0142na dokumentacja<\/strong><\/span><\/p><\/td><td width=\"431\"><p><span>Zawsze przygotowujemy pe\u0142n\u0105 dokumentacj\u0119.<\/span><\/p><\/td><\/tr><tr><td width=\"340\"><p style=\"text-align: right;\"><span><strong>Weryfikacja powykonawcza<\/strong><\/span><\/p><\/td><td width=\"431\"><p><span>Dokonujemy sprawdzenia po wykonaniu instalacji elektrycznej, fotowoltaicznej lub odgromowej przez osob\u0119 odpowiedzialn\u0105 za <strong>odbi\u00f3r prac<\/strong>.<\/span><\/p><\/td><\/tr><tr><td width=\"340\"><p style=\"text-align: right;\"><span><strong>Realizujemy polityk\u0119 szkole\u0144<\/strong><\/span><\/p><\/td><td width=\"431\"><p><span>Nasza ekipa regularnie je\u017adzi na <strong>szkolenia<\/strong>, dzi\u0119ki temu nieustannie <strong>rozwija <\/strong>swoj\u0105 <strong>wiedz\u0119 <\/strong>i <strong>umiej\u0119tno\u015bci <\/strong>oraz jest na bie\u017c\u0105co z nowinkami technicznymi sprz\u0119tu.<\/span><\/p><\/td><\/tr><tr><td width=\"340\"><p style=\"text-align: right;\"><span><strong>Doradztwo<\/strong><\/span><\/p><\/td><td width=\"431\"><p><span>Przy ka\u017cdej instalacji <strong>wska\u017cemy wady i zalety<\/strong>, zamiast wysy\u0142a\u0107 sztampowe oferty.<\/span><\/p><\/td><\/tr><tr><td width=\"340\"><p style=\"text-align: right;\"><span><strong>Wyd\u0142u\u017cone godziny kontaktu telefonicznego<\/strong><\/span><\/p><\/td><td width=\"431\"><p><span><strong>Odbierzemy telefon<\/strong><\/span><span> nawet <strong>po po\u0142udniu<\/strong>.<\/span><\/p><\/td><\/tr><tr><td width=\"340\"><p style=\"text-align: right;\"><span><strong>Za\u0142atwiamy formalno\u015bci<\/strong><\/span><\/p><\/td><td width=\"431\"><p><span>Formalno\u015bci zwi\u0105zane ze zleceniami realizujemy <strong>od A do Z<\/strong>.<\/span><\/p><\/td><\/tr><tr><td width=\"340\"><p style=\"text-align: right;\"><span><strong>Serwis na wyci\u0105gni\u0119cie r\u0119ki<\/strong><\/span><\/p><\/td><td width=\"431\"><p><span>Nie musisz szuka\u0107 zewn\u0119trznych serwis\u00f3w, wszystkie przez nas wykonane instalacje <strong>mo\u017cemy obj\u0105\u0107 opiek\u0105 serwisow\u0105<\/strong>.<\/span><\/p><\/td><\/tr><tr><td width=\"340\"><p style=\"text-align: right;\"><span><strong>Nie boimy si\u0119 termin\u00f3w<\/strong><\/span><\/p><\/td><td width=\"431\"><p><span><strong>Terminowo\u015b\u0107 to nasza domena<\/strong><\/span><span>, poinformuj nas do kiedy zlecenie musi by\u0107 zrealizowane, a je\u015bli to mo\u017cliwe to tak w\u0142a\u015bnie b\u0119dzie.<\/span><\/p><\/td><\/tr><tr><td width=\"340\"><p style=\"text-align: right;\"><span><strong>Jeden wykonawca - wiele mo\u017cliwo\u015bci<\/strong><\/span><\/p><\/td><td width=\"431\"><p><span><strong>Jedna firma<\/strong><\/span><span> wykona dla Ciebie kilka instalacji, a tak\u017ce poleci sprawdzonych fachowc\u00f3w z innych bran\u017c.<\/span><\/p><\/td><\/tr><\/tbody><\/table><\/div><\/div><\/div><\/div><\/div><div class=\"vce-col vce-col--md-5p vce-col--xs-1 vce-col--xs-last vce-col--xs-first vce-col--sm-last vce-col--sm-first vce-col--md-last vce-col--lg-last vce-col--xl-last\" id=\"el-8087d3c5\"><div class=\"vce-col-inner\" data-vce-do-apply=\"border margin background  el-8087d3c5\"><div class=\"vce-col-content\" data-vce-element-content=\"true\" data-vce-do-apply=\"padding el-8087d3c5\"><div class=\"vcv-row-control-wrapper\"><\/div><\/div><\/div><\/div><\/div><\/div><\/div><div class=\"vce-row-container\"><div class=\"vce-row vce-row--col-gap-30 vce-row-equal-height vce-row-content--top\" data-vce-full-width=\"true\" data-vce-stretch-content=\"true\" id=\"el-bf363213\" data-vce-do-apply=\"all el-bf363213\"><div class=\"vce-row-content\" data-vce-element-content=\"true\"><div class=\"vce-col vce-col--md-5p vce-col--xs-1 vce-col--xs-last vce-col--xs-first vce-col--sm-last vce-col--sm-first vce-col--md-first vce-col--lg-first vce-col--xl-first\" id=\"el-4342c1e8\"><div class=\"vce-col-inner\" data-vce-do-apply=\"border margin background  el-4342c1e8\"><div class=\"vce-col-content\" data-vce-element-content=\"true\" data-vce-do-apply=\"padding el-4342c1e8\"><div class=\"vcv-row-control-wrapper\"><\/div><\/div><\/div><\/div><div class=\"vce-col vce-col--md-90p vce-col--xs-1 vce-col--xs-last vce-col--xs-first vce-col--sm-last vce-col--sm-first\" id=\"el-f903e806\"><div class=\"vce-col-inner\" data-vce-do-apply=\"border margin background  el-f903e806\"><div class=\"vce-col-content\" data-vce-element-content=\"true\" data-vce-do-apply=\"padding el-f903e806\"><div class=\"vce-button--style-basic-container vce-button--style-basic-container--align-center\"><span class=\"vce-button--style-basic-wrapper vce\" id=\"el-536cf414\" data-vce-do-apply=\"margin el-536cf414\"><a class=\"vce-button vce-button--style-basic vce-button--style-basic--border-round vce-button--style-basic--size-medium vce-button--style-basic--color-b-68-112-37--fff vce-button--style-basic--hover-color-b-68-112-37--fff\" href=\"https:\/\/tarwat.pl\/index.php\/kontakt\/\" title=\"\" data-vce-do-apply=\"padding border background  el-536cf414\">Zam\u00f3w bezp\u0142atn\u0105 konsultacj\u0119 <\/a><\/span><\/div><\/div><\/div><\/div><div class=\"vce-col vce-col--md-5p vce-col--xs-1 vce-col--xs-last vce-col--xs-first vce-col--sm-last vce-col--sm-first vce-col--md-last vce-col--lg-last vce-col--xl-last\" id=\"el-5cb21c18\"><div class=\"vce-col-inner\" data-vce-do-apply=\"border margin background  el-5cb21c18\"><div class=\"vce-col-content\" data-vce-element-content=\"true\" data-vce-do-apply=\"padding el-5cb21c18\"><div class=\"vcv-row-control-wrapper\"><\/div><\/div><\/div><\/div><\/div><\/div><\/div><div class=\"vce-row-container\"><div class=\"vce-row vce-row--col-gap-30 vce-row-equal-height vce-row-content--top\" data-vce-full-width=\"true\" data-vce-stretch-content=\"true\" id=\"el-db802720\" data-vce-do-apply=\"all el-db802720\"><div class=\"vce-row-content\" data-vce-element-content=\"true\"><div class=\"vce-col vce-col--md-5p vce-col--xs-1 vce-col--xs-last vce-col--xs-first vce-col--sm-last vce-col--sm-first vce-col--md-first vce-col--lg-first vce-col--xl-first\" id=\"el-7529b7e4\"><div class=\"vce-col-inner\" data-vce-do-apply=\"border margin background  el-7529b7e4\"><div class=\"vce-col-content\" data-vce-element-content=\"true\" data-vce-do-apply=\"padding el-7529b7e4\"><div class=\"vcv-row-control-wrapper\"><\/div><\/div><\/div><\/div><div class=\"vce-col vce-col--md-90p vce-col--xs-1 vce-col--xs-last vce-col--xs-first vce-col--sm-last vce-col--sm-first\" id=\"el-8b15b84a\"><div class=\"vce-col-inner\" data-vce-do-apply=\"border margin background  el-8b15b84a\"><div class=\"vce-col-content\" data-vce-element-content=\"true\" data-vce-do-apply=\"padding el-8b15b84a\"><div class=\"vce-image-gallery vce-image-gallery--gap-5 vce-image-gallery--columns-5\"><div class=\"vce-image-gallery-wrapper vce\" id=\"el-e4952410\" data-vce-do-apply=\"all el-e4952410\"><div class=\"vce-image-gallery-list\"><div class=\"vce-image-gallery-item\"><figure class=\"vce-image-gallery-item-inner-wrapper\"><div class=\"vce-image-gallery-item-inner\"><img decoding=\"async\" class=\"vce-image-gallery-img vce-image-gallery-img--orientation-portrait\" src=\"https:\/\/tarwat.pl\/wp-content\/uploads\/2024\/06\/IMG_2244-min.jpg\" alt=\"\" title=\"\"><\/div><\/figure><\/div><div class=\"vce-image-gallery-item\"><figure class=\"vce-image-gallery-item-inner-wrapper\"><div class=\"vce-image-gallery-item-inner\"><img decoding=\"async\" class=\"vce-image-gallery-img\" src=\"https:\/\/tarwat.pl\/wp-content\/uploads\/2025\/03\/DJI_0465-\u2014-kopia-1024x1024.jpg\" alt=\"\" title=\"ekipa firma o nas dlaczego my\"><\/div><\/figure><\/div><div class=\"vce-image-gallery-item\"><figure class=\"vce-image-gallery-item-inner-wrapper\"><div class=\"vce-image-gallery-item-inner\"><img decoding=\"async\" class=\"vce-image-gallery-img vce-image-gallery-img--orientation-portrait\" src=\"https:\/\/tarwat.pl\/wp-content\/uploads\/2024\/06\/IMG_3378-683x1024.jpg\" alt=\"\" title=\"\"><\/div><\/figure><\/div><div class=\"vce-image-gallery-item\"><figure class=\"vce-image-gallery-item-inner-wrapper\"><div class=\"vce-image-gallery-item-inner\"><img decoding=\"async\" class=\"vce-image-gallery-img\" src=\"https:\/\/tarwat.pl\/wp-content\/uploads\/2024\/06\/20240508_113423-\u2014-kopia.jpg\" alt=\"\" title=\"\"><\/div><\/figure><\/div><div class=\"vce-image-gallery-item\"><figure class=\"vce-image-gallery-item-inner-wrapper\"><div class=\"vce-image-gallery-item-inner\"><img decoding=\"async\" class=\"vce-image-gallery-img vce-image-gallery-img--orientation-portrait\" src=\"https:\/\/tarwat.pl\/wp-content\/uploads\/2024\/07\/IMG_20230512_135520-769x1024.jpg\" alt=\"\" title=\"\"><\/div><\/figure><\/div><\/div><\/div><\/div><\/div><\/div><\/div><div class=\"vce-col vce-col--md-5p vce-col--xs-1 vce-col--xs-last vce-col--xs-first vce-col--sm-last vce-col--sm-first vce-col--md-last vce-col--lg-last vce-col--xl-last\" id=\"el-5fe5ab26\"><div class=\"vce-col-inner\" data-vce-do-apply=\"border margin background  el-5fe5ab26\"><div class=\"vce-col-content\" data-vce-element-content=\"true\" data-vce-do-apply=\"padding el-5fe5ab26\"><div class=\"vcv-row-control-wrapper\"><\/div><\/div><\/div><\/div><\/div><\/div><\/div>","protected":false},"excerpt":{"rendered":"<p>Lokalny instalatorJeste\u015bmy blisko Ciebie, dzi\u0119ki czemu szybko mo\u017cemy reagowa\u0107 w razie potrzeby.Dobrze wykonana pracaPrace zawsze wykonywane s\u0105 przez kompetentnych pracownik\u00f3w, poniewa\u017c nie zatrudniamy ludzi \u201cz \u0142apanki\u201d.Pe\u0142na dokumentacjaZawsze przygotowujemy pe\u0142n\u0105 dokumentacj\u0119.Weryfikacja powykonawczaDokonujemy sprawdzenia po wykonaniu instalacji elektrycznej, fotowoltaicznej lub odgromowej przez osob\u0119 odpowiedzialn\u0105 za odbi\u00f3r prac.Realizujemy polityk\u0119 szkole\u0144Nasza ekipa regularnie je\u017adzi [&hellip;]<\/p>\n","protected":false},"author":1,"featured_media":0,"parent":0,"menu_order":0,"comment_status":"closed","ping_status":"closed","template":"","meta":{"footnotes":""},"class_list":["post-1453","page","type-page","status-publish","hentry"],"_links":{"self":[{"href":"https:\/\/tarwat.pl\/index.php\/wp-json\/wp\/v2\/pages\/1453"}],"collection":[{"href":"https:\/\/tarwat.pl\/index.php\/wp-json\/wp\/v2\/pages"}],"about":[{"href":"https:\/\/tarwat.pl\/index.php\/wp-json\/wp\/v2\/types\/page"}],"author":[{"embeddable":true,"href":"https:\/\/tarwat.pl\/index.php\/wp-json\/wp\/v2\/users\/1"}],"replies":[{"embeddable":true,"href":"https:\/\/tarwat.pl\/index.php\/wp-json\/wp\/v2\/comments?post=1453"}],"version-history":[{"count":3,"href":"https:\/\/tarwat.pl\/index.php\/wp-json\/wp\/v2\/pages\/1453\/revisions"}],"predecessor-version":[{"id":1481,"href":"https:\/\/tarwat.pl\/index.php\/wp-json\/wp\/v2\/pages\/1453\/revisions\/1481"}],"wp:attachment":[{"href":"https:\/\/tarwat.pl\/index.php\/wp-json\/wp\/v2\/media?parent=1453"}],"curies":[{"name":"wp","href":"https:\/\/api.w.org\/{rel}","templated":true}]}}