{"id":154,"date":"2024-06-23T09:53:20","date_gmt":"2024-06-23T07:53:20","guid":{"rendered":"https:\/\/tarwat.pl\/?page_id=154"},"modified":"2024-06-28T13:31:02","modified_gmt":"2024-06-28T11:31:02","slug":"czyste-powietrze","status":"publish","type":"page","link":"https:\/\/tarwat.pl\/index.php\/czyste-powietrze\/","title":{"rendered":"Czyste Powietrze"},"content":{"rendered":"<div class=\"vce-row-container\"><div class=\"vce-row vce-row--col-gap-30 vce-row-equal-height vce-row-content--top\" data-vce-full-width=\"true\" data-vce-stretch-content=\"true\" id=\"el-da772bca\" data-vce-do-apply=\"all el-da772bca\"><div class=\"vce-row-content\" data-vce-element-content=\"true\"><div class=\"vce-col vce-col--md-5p vce-col--xs-1 vce-col--xs-last vce-col--xs-first vce-col--sm-last vce-col--sm-first vce-col--md-first vce-col--lg-first vce-col--xl-first\" id=\"el-3be775f6\"><div class=\"vce-col-inner\" data-vce-do-apply=\"border margin background  el-3be775f6\"><div class=\"vce-col-content\" data-vce-element-content=\"true\" data-vce-do-apply=\"padding el-3be775f6\"><div class=\"vcv-row-control-wrapper\"><\/div><\/div><\/div><\/div><div class=\"vce-col vce-col--md-90p vce-col--xs-1 vce-col--xs-last vce-col--xs-first vce-col--sm-last vce-col--sm-first\" id=\"el-ccf71526\"><div class=\"vce-col-inner\" data-vce-do-apply=\"border margin background  el-ccf71526\"><div class=\"vce-col-content\" data-vce-element-content=\"true\" data-vce-do-apply=\"padding el-ccf71526\"><div class=\"vce-text-block\"><div class=\"vce-text-block-wrapper vce\" id=\"el-da8de957\" data-vce-do-apply=\"all el-da8de957\"><p><strong>Program&nbsp;<em>Czyste Powietrze<\/em><\/strong><\/p><p><strong>Dofinansowanie na wymian\u0119 starego pieca i ocieplenie domu...<\/strong><\/p><p>Celem programu jest poprawa jako\u015bci powietrza oraz zmniejszenie emisji gaz\u00f3w cieplarnianych poprzez wymian\u0119 \u017ar\u00f3de\u0142 ciep\u0142a i popraw\u0119 efektywno\u015bci energetycznej budynk\u00f3w mieszkalnych jednorodzinnych.<\/p><p>Kierowany jest do&nbsp;w\u0142a\u015bcicieli lub wsp\u00f3\u0142w\u0142a\u015bcicieli jednorodzinnych budynk\u00f3w mieszkalnych lub wydzielonych w budynkach jednorodzinnych lokali mieszkalnych z wyodr\u0119bnion\u0105 ksi\u0119g\u0105 wieczyst\u0105.<\/p><p>Dofinansowanie przys\u0142uguje dla wymiany starych i nieefektywnych \u017ar\u00f3de\u0142 ciep\u0142a na paliwo sta\u0142e na nowoczesne \u017ar\u00f3d\u0142a ciep\u0142a spe\u0142niaj\u0105ce najwy\u017csze normy oraz przeprowadzenia niezb\u0119dnych prac termomodernizacyjnych budynku.<\/p><p>Dotacja mo\u017ce wynosi\u0107 do&nbsp;<strong>30.000<\/strong>&nbsp;z\u0142 dla podstawowego poziomu dofinansowania,&nbsp;<strong>37.000<\/strong>&nbsp;z\u0142 dla podwy\u017cszonego poziomu dofinansowania i&nbsp;<strong>69.000<\/strong>&nbsp;z\u0142 dla najwy\u017cszego poziomu dofinansowania.<\/p><p><\/p><p><\/p><\/div><\/div><\/div><\/div><\/div><div class=\"vce-col vce-col--md-5p vce-col--xs-1 vce-col--xs-last vce-col--xs-first vce-col--sm-last vce-col--sm-first vce-col--md-last vce-col--lg-last vce-col--xl-last\" id=\"el-f8d108c2\"><div class=\"vce-col-inner\" data-vce-do-apply=\"border margin background  el-f8d108c2\"><div class=\"vce-col-content\" data-vce-element-content=\"true\" data-vce-do-apply=\"padding el-f8d108c2\"><div class=\"vcv-row-control-wrapper\"><\/div><\/div><\/div><\/div><\/div><\/div><\/div><div class=\"vce-row-container\"><div class=\"vce-row vce-row--col-gap-30 vce-row-equal-height vce-row-content--top\" data-vce-full-width=\"true\" data-vce-stretch-content=\"true\" id=\"el-a1d5d202\" data-vce-do-apply=\"all el-a1d5d202\"><div class=\"vce-row-content\" data-vce-element-content=\"true\"><div class=\"vce-col vce-col--md-5p vce-col--xs-1 vce-col--xs-last vce-col--xs-first vce-col--sm-last vce-col--sm-first vce-col--md-first vce-col--lg-first vce-col--xl-first\" id=\"el-4357aaad\"><div class=\"vce-col-inner\" data-vce-do-apply=\"border margin background  el-4357aaad\"><div class=\"vce-col-content\" data-vce-element-content=\"true\" data-vce-do-apply=\"padding el-4357aaad\"><div class=\"vcv-row-control-wrapper\"><\/div><\/div><\/div><\/div><div class=\"vce-col vce-col--md-90p vce-col--xs-1 vce-col--xs-last vce-col--xs-first vce-col--sm-last vce-col--sm-first\" id=\"el-4b7291ce\"><div class=\"vce-col-inner\" data-vce-do-apply=\"border margin background  el-4b7291ce\"><div class=\"vce-col-content\" data-vce-element-content=\"true\" data-vce-do-apply=\"padding el-4b7291ce\"><div class=\"vce-text-block\"><div class=\"vce-text-block-wrapper vce\" id=\"el-b96e8bfa\" data-vce-do-apply=\"all el-b96e8bfa\"><h5 style=\"text-align: center;\">Oficjalna strona programu <em>Czyste Powietrze<\/em><\/h5><\/div><\/div><div class=\"vce-button--style-basic-container vce-button--style-basic-container--align-center\"><span class=\"vce-button--style-basic-wrapper vce\" id=\"el-9f31e462\" data-vce-do-apply=\"margin el-9f31e462\"><a class=\"vce-button vce-button--style-basic vce-button--style-basic--border-round vce-button--style-basic--size-medium vce-button--style-basic--color-b-68-112-37--fff vce-button--style-basic--hover-color-b-68-112-37--fff\" href=\"https:\/\/czystepowietrze.gov.pl\/\" title=\"\" target=\"_blank\" data-vce-do-apply=\"padding border background  el-9f31e462\" rel=\"noopener\">czystepowietrze.gov.pl<\/a><\/span><\/div><\/div><\/div><\/div><div class=\"vce-col vce-col--md-5p vce-col--xs-1 vce-col--xs-last vce-col--xs-first vce-col--sm-last vce-col--sm-first vce-col--md-last vce-col--lg-last vce-col--xl-last\" id=\"el-afaeb3a2\"><div class=\"vce-col-inner\" data-vce-do-apply=\"border margin background  el-afaeb3a2\"><div class=\"vce-col-content\" data-vce-element-content=\"true\" data-vce-do-apply=\"padding el-afaeb3a2\"><div class=\"vcv-row-control-wrapper\"><\/div><\/div><\/div><\/div><\/div><\/div><\/div>","protected":false},"excerpt":{"rendered":"<p>Program&nbsp;Czyste PowietrzeDofinansowanie na wymian\u0119 starego pieca i ocieplenie domu&#8230;Celem programu jest poprawa jako\u015bci powietrza oraz zmniejszenie emisji gaz\u00f3w cieplarnianych poprzez wymian\u0119 \u017ar\u00f3de\u0142 ciep\u0142a i popraw\u0119 efektywno\u015bci energetycznej budynk\u00f3w mieszkalnych jednorodzinnych.Kierowany jest do&nbsp;w\u0142a\u015bcicieli lub wsp\u00f3\u0142w\u0142a\u015bcicieli jednorodzinnych budynk\u00f3w mieszkalnych lub wydzielonych w budynkach jednorodzinnych lokali mieszkalnych z wyodr\u0119bnion\u0105 ksi\u0119g\u0105 wieczyst\u0105.Dofinansowanie przys\u0142uguje dla [&hellip;]<\/p>\n","protected":false},"author":1,"featured_media":271,"parent":0,"menu_order":0,"comment_status":"closed","ping_status":"closed","template":"","meta":{"footnotes":""},"class_list":["post-154","page","type-page","status-publish","has-post-thumbnail","hentry"],"_links":{"self":[{"href":"https:\/\/tarwat.pl\/index.php\/wp-json\/wp\/v2\/pages\/154"}],"collection":[{"href":"https:\/\/tarwat.pl\/index.php\/wp-json\/wp\/v2\/pages"}],"about":[{"href":"https:\/\/tarwat.pl\/index.php\/wp-json\/wp\/v2\/types\/page"}],"author":[{"embeddable":true,"href":"https:\/\/tarwat.pl\/index.php\/wp-json\/wp\/v2\/users\/1"}],"replies":[{"embeddable":true,"href":"https:\/\/tarwat.pl\/index.php\/wp-json\/wp\/v2\/comments?post=154"}],"version-history":[{"count":9,"href":"https:\/\/tarwat.pl\/index.php\/wp-json\/wp\/v2\/pages\/154\/revisions"}],"predecessor-version":[{"id":1162,"href":"https:\/\/tarwat.pl\/index.php\/wp-json\/wp\/v2\/pages\/154\/revisions\/1162"}],"wp:featuredmedia":[{"embeddable":true,"href":"https:\/\/tarwat.pl\/index.php\/wp-json\/wp\/v2\/media\/271"}],"wp:attachment":[{"href":"https:\/\/tarwat.pl\/index.php\/wp-json\/wp\/v2\/media?parent=154"}],"curies":[{"name":"wp","href":"https:\/\/api.w.org\/{rel}","templated":true}]}}