{"id":156,"date":"2024-06-23T09:53:20","date_gmt":"2024-06-23T07:53:20","guid":{"rendered":"https:\/\/tarwat.pl\/?page_id=156"},"modified":"2025-10-17T14:19:29","modified_gmt":"2025-10-17T12:19:29","slug":"kontakt","status":"publish","type":"page","link":"https:\/\/tarwat.pl\/index.php\/kontakt\/","title":{"rendered":"Kontakt"},"content":{"rendered":"<div class=\"vce-row-container\"><div class=\"vce-row vce-row--col-gap-30 vce-row-equal-height vce-row-content--top\" data-vce-full-width=\"true\" data-vce-stretch-content=\"true\" id=\"el-c848da09\" data-vce-do-apply=\"all el-c848da09\"><div class=\"vce-row-content\" data-vce-element-content=\"true\"><div class=\"vce-col vce-col--md-5p vce-col--xs-1 vce-col--xs-last vce-col--xs-first vce-col--sm-last vce-col--sm-first vce-col--md-first vce-col--lg-first vce-col--xl-first\" id=\"el-bd95ac97\"><div class=\"vce-col-inner\" data-vce-do-apply=\"border margin background  el-bd95ac97\"><div class=\"vce-col-content\" data-vce-element-content=\"true\" data-vce-do-apply=\"padding el-bd95ac97\"><div class=\"vcv-row-control-wrapper\"><\/div><\/div><\/div><\/div><div class=\"vce-col vce-col--md-45p vce-col--xs-1 vce-col--xs-last vce-col--xs-first vce-col--sm-last vce-col--sm-first\" id=\"el-beee527f\"><div class=\"vce-col-inner\" data-vce-do-apply=\"border margin background  el-beee527f\"><div class=\"vce-col-content\" data-vce-element-content=\"true\" data-vce-do-apply=\"padding el-beee527f\"><div class=\"vce-text-block\"><div class=\"vce-text-block-wrapper vce\" id=\"el-1d6ec683\" data-vce-do-apply=\"all el-1d6ec683\"><h3 style=\"text-align: center; line-height: 1.5;\"><strong><a href=\"tel:\/\/+48796025474\">+48 796 025 474<\/a><\/strong><\/h3>\n<h3 style=\"text-align: center; line-height: 1.5;\"><strong><a href=\"mailto:biuro@tarwat.pl\">biuro@tarwat.pl<\/a><\/strong><\/h3>\n<hr>\n<p style=\"text-align: center;\">TARWAT Sp. z o.o.<br>Pi\u0142sudskiego 5<br>33-100 Tarn\u00f3w<\/p>\n<p style=\"text-align: center;\"><span style=\"font-size: 10pt;\">NIP&nbsp; &nbsp; &nbsp; &nbsp; &nbsp; &nbsp;9930674826<\/span><\/p>\n<p style=\"text-align: center;\"><span style=\"font-size: 10pt;\">REGON&nbsp; &nbsp; &nbsp; 385030497<\/span><\/p>\n<p style=\"text-align: center;\"><span style=\"font-size: 10pt;\">KRS&nbsp; &nbsp; &nbsp; &nbsp; &nbsp;0000817934<\/span><\/p>\n<hr>\n<h4 style=\"text-align: center; line-height: 1.25;\">Biuro czynne w godzinach<\/h4>\n<p style=\"text-align: center; line-height: 1.25;\">Poniedzia\u0142ek - Pi\u0105tek&nbsp; &nbsp; &nbsp; &nbsp;9:00 - 15:00<\/p>\n<hr>\n<h4 style=\"text-align: center; line-height: 1.25;\">Kontakt telefoniczny w godzinach<\/h4>\n<p style=\"text-align: center; line-height: 1.25;\">Poniedzia\u0142ek - Pi\u0105tek&nbsp; &nbsp; &nbsp; &nbsp;8:00 - 19:00<\/p>\n<p style=\"text-align: center; line-height: 1.25;\">Sobota&nbsp; &nbsp; &nbsp; &nbsp; &nbsp; &nbsp; &nbsp; &nbsp; &nbsp; &nbsp; &nbsp; &nbsp; &nbsp; &nbsp; &nbsp; 8:00 - 16:00<\/p><\/div><\/div><div class=\"vce-text-block\"><div class=\"vce-text-block-wrapper vce\" id=\"el-3e75ffb3\" data-vce-do-apply=\"all el-3e75ffb3\"><p><img loading=\"lazy\" decoding=\"async\" src=\"https:\/\/tarwat.pl\/wp-content\/uploads\/2024\/06\/cropped-PV-TW-EdC-Kwadrat-\u2014-kopia-300x200.png\" alt=\"\" width=\"300\" height=\"200\" class=\"aligncenter wp-image-216 size-medium\" srcset=\"https:\/\/tarwat.pl\/wp-content\/uploads\/2024\/06\/cropped-PV-TW-EdC-Kwadrat-\u2014-kopia-300x200.png 300w, https:\/\/tarwat.pl\/wp-content\/uploads\/2024\/06\/cropped-PV-TW-EdC-Kwadrat-\u2014-kopia-320x214.png 320w, https:\/\/tarwat.pl\/wp-content\/uploads\/2024\/06\/cropped-PV-TW-EdC-Kwadrat-\u2014-kopia-480x321.png 480w, https:\/\/tarwat.pl\/wp-content\/uploads\/2024\/06\/cropped-PV-TW-EdC-Kwadrat-\u2014-kopia-360x240.png 360w, https:\/\/tarwat.pl\/wp-content\/uploads\/2024\/06\/cropped-PV-TW-EdC-Kwadrat-\u2014-kopia.png 500w\" sizes=\"(max-width: 300px) 100vw, 300px\" \/><\/p><\/div><\/div><\/div><\/div><\/div><div class=\"vce-col vce-col--md-45p vce-col--xs-1 vce-col--xs-last vce-col--xs-first vce-col--sm-last vce-col--sm-first\" id=\"el-dc095569\"><div class=\"vce-col-inner\" data-vce-do-apply=\"border margin background  el-dc095569\"><div class=\"vce-col-content\" data-vce-element-content=\"true\" data-vce-do-apply=\"padding el-dc095569\"><div class=\"vce-button--style-basic-container vce-button--style-basic-container--align-center\"><span class=\"vce-button--style-basic-wrapper vce vce-button--style-basic-wrapper--stretched\" id=\"el-872a2b76\" data-vce-do-apply=\"margin el-872a2b76\"><button class=\"vce-button vce-button--style-basic vce-button--style-basic--border-square vce-button--style-basic--size-large vce-button--style-basic--color-b-68-112-37--fff\" data-vce-do-apply=\"padding border background  el-872a2b76\">Formularz Kontaktowy <\/button><\/span><\/div><div class=\"vce-text-block\"><div class=\"vce-text-block-wrapper vce\" id=\"el-dcb2425e\" data-vce-do-apply=\"all el-dcb2425e\"><p><\/p>\n<p><span><div class=\"wpforms-container wpforms-container-full wpforms-render-modern\" id=\"wpforms-10\"><form id=\"wpforms-form-10\" class=\"wpforms-validate wpforms-form wpforms-ajax-form\" data-formid=\"10\" method=\"post\" enctype=\"multipart\/form-data\" action=\"\/index.php\/wp-json\/wp\/v2\/pages\/156?wpforms_form_id=10\" data-token=\"f52bddb775702182bc34ed3aa08b9976\" data-token-time=\"1777798846\"><noscript class=\"wpforms-error-noscript\">Aby wype\u0142ni\u0107 ten formularz, w\u0142\u0105cz obs\u0142ug\u0119 JavaScript w przegl\u0105darce.<\/noscript><div class=\"wpforms-hidden\" id=\"wpforms-error-noscript\">Aby wype\u0142ni\u0107 ten formularz, w\u0142\u0105cz obs\u0142ug\u0119 JavaScript w przegl\u0105darce.<\/div><div class=\"wpforms-field-container\"><div id=\"wpforms-10-field_2-container\" class=\"wpforms-field wpforms-field-name\" data-field-id=\"2\"><label class=\"wpforms-field-label\" for=\"wpforms-10-field_2\">Imi\u0119, nazwisko <span class=\"wpforms-required-label\" aria-hidden=\"true\">*<\/span><\/label><input type=\"text\" id=\"wpforms-10-field_2\" class=\"wpforms-field-large wpforms-field-required\" name=\"wpforms[fields][2]\" aria-errormessage=\"wpforms-10-field_2-error\" required><\/div><div id=\"wpforms-10-field_3-container\" class=\"wpforms-field wpforms-field-email\" data-field-id=\"3\"><label class=\"wpforms-field-label\" for=\"wpforms-10-field_3\">Adres e-mail <span class=\"wpforms-required-label\" aria-hidden=\"true\">*<\/span><\/label><input type=\"email\" id=\"wpforms-10-field_3\" class=\"wpforms-field-large wpforms-field-required\" name=\"wpforms[fields][3]\" spellcheck=\"false\" aria-errormessage=\"wpforms-10-field_3-error\" required><\/div><div id=\"wpforms-10-field_5-container\" class=\"wpforms-field wpforms-field-phone\" data-field-id=\"5\"><label class=\"wpforms-field-label\" for=\"wpforms-10-field_5\">Telefon <span class=\"wpforms-required-label\" aria-hidden=\"true\">*<\/span><\/label><input type=\"tel\" id=\"wpforms-10-field_5\" class=\"wpforms-field-medium wpforms-field-required wpforms-smart-phone-field\" data-rule-smart-phone-field=\"true\" name=\"wpforms[fields][5]\" aria-errormessage=\"wpforms-10-field_5-error\" required><\/div><div id=\"wpforms-10-field_7-container\" class=\"wpforms-field wpforms-field-text\" data-field-id=\"7\"><label class=\"wpforms-field-label\" for=\"wpforms-10-field_7\">Temat <span class=\"wpforms-required-label\" aria-hidden=\"true\">*<\/span><\/label><input type=\"text\" id=\"wpforms-10-field_7\" class=\"wpforms-field-large wpforms-field-required\" name=\"wpforms[fields][7]\" aria-errormessage=\"wpforms-10-field_7-error\" required><\/div><div id=\"wpforms-10-field_8-container\" class=\"wpforms-field wpforms-field-textarea\" data-field-id=\"8\"><label class=\"wpforms-field-label\" for=\"wpforms-10-field_8\">Wiadomo\u015b\u0107 <span class=\"wpforms-required-label\" aria-hidden=\"true\">*<\/span><\/label><textarea id=\"wpforms-10-field_8\" class=\"wpforms-field-medium wpforms-field-required\" name=\"wpforms[fields][8]\" aria-errormessage=\"wpforms-10-field_8-error\" required><\/textarea><\/div><div id=\"wpforms-10-field_6-container\" class=\"wpforms-field wpforms-field-file-upload\" data-field-id=\"6\"><label class=\"wpforms-field-label\" for=\"wpforms-10-field_6\">Przesy\u0142any plik<\/label><input type=\"file\" id=\"wpforms-10-field_6\" data-rule-extension=\"jpg,jpeg,jpe,gif,png,bmp,tiff,tif,webp,avif,ico,heic,asf,asx,wmv,wmx,wm,avi,divx,mov,qt,mpeg,mpg,mpe,mp4,m4v,ogv,webm,mkv,3gp,3gpp,3g2,3gp2,txt,asc,c,cc,h,srt,csv,tsv,ics,rtx,css,vtt,mp3,m4a,m4b,aac,ra,ram,wav,ogg,oga,flac,mid,midi,wma,wax,mka,rtf,pdf,class,tar,zip,gz,gzip,rar,7z,psd,xcf,doc,pot,pps,ppt,wri,xla,xls,xlt,xlw,mpp,docx,docm,dotx,dotm,xlsx,xlsm,xlsb,xltx,xltm,xlam,pptx,pptm,ppsx,ppsm,potx,potm,ppam,sldx,sldm,onetoc,onetoc2,onepkg,oxps,xps,odt,odp,ods,odg,odc,odb,odf,wp,wpd,key,numbers,pages\" data-rule-maxsize=\"67108864\" name=\"wpforms_10_6\" accept=\".jpg,.jpeg,.jpe,.gif,.png,.bmp,.tiff,.tif,.webp,.avif,.ico,.heic,.asf,.asx,.wmv,.wmx,.wm,.avi,.divx,.mov,.qt,.mpeg,.mpg,.mpe,.mp4,.m4v,.ogv,.webm,.mkv,.3gp,.3gpp,.3g2,.3gp2,.txt,.asc,.c,.cc,.h,.srt,.csv,.tsv,.ics,.rtx,.css,.vtt,.mp3,.m4a,.m4b,.aac,.ra,.ram,.wav,.ogg,.oga,.flac,.mid,.midi,.wma,.wax,.mka,.rtf,.pdf,.class,.tar,.zip,.gz,.gzip,.rar,.7z,.psd,.xcf,.doc,.pot,.pps,.ppt,.wri,.xla,.xls,.xlt,.xlw,.mpp,.docx,.docm,.dotx,.dotm,.xlsx,.xlsm,.xlsb,.xltx,.xltm,.xlam,.pptx,.pptm,.ppsx,.ppsm,.potx,.potm,.ppam,.sldx,.sldm,.onetoc,.onetoc2,.onepkg,.oxps,.xps,.odt,.odp,.ods,.odg,.odc,.odb,.odf,.wp,.wpd,.key,.numbers,.pages\" aria-errormessage=\"wpforms-10-field_6-error\" ><\/div><div id=\"wpforms-10-field_4-container\" class=\"wpforms-field wpforms-field-gdpr-checkbox\" data-field-id=\"4\"><label class=\"wpforms-field-label\">Zgoda RODO <span class=\"wpforms-required-label\" aria-hidden=\"true\">*<\/span><\/label><ul id=\"wpforms-10-field_4\" class=\"wpforms-field-required\"><li class=\"choice-1\"><input type=\"checkbox\" id=\"wpforms-10-field_4_1\" name=\"wpforms[fields][4][]\" value=\"Zgadzam si\u0119 na przechowywanie przes\u0142anych przeze mnie informacji w tej witrynie internetowej do cel\u00f3w udzielenia odpowiedzi na moje zapytanie.\" aria-errormessage=\"wpforms-10-field_4_1-error\" required ><label class=\"wpforms-field-label-inline\" for=\"wpforms-10-field_4_1\">Zgadzam si\u0119 na przechowywanie przes\u0142anych przeze mnie informacji w tej witrynie internetowej do cel\u00f3w udzielenia odpowiedzi na moje zapytanie.<\/label><\/li><\/ul><\/div><\/div><!-- .wpforms-field-container --><div class=\"wpforms-recaptcha-container wpforms-is-recaptcha wpforms-is-recaptcha-type-v2\" ><div class=\"g-recaptcha\" data-sitekey=\"6LeUFxogAAAAAJuJueOXTFP2xiqUz3fUuUWx6LjD\"><\/div><input type=\"text\" name=\"g-recaptcha-hidden\" class=\"wpforms-recaptcha-hidden\" style=\"position:absolute!important;clip:rect(0,0,0,0)!important;height:1px!important;width:1px!important;border:0!important;overflow:hidden!important;padding:0!important;margin:0!important;\" data-rule-recaptcha=\"1\"><\/div><div class=\"wpforms-submit-container\" ><input type=\"hidden\" name=\"wpforms[id]\" value=\"10\"><input type=\"hidden\" name=\"page_title\" value=\"\"><input type=\"hidden\" name=\"page_url\" value=\"https:\/\/tarwat.pl\/index.php\/wp-json\/wp\/v2\/pages\/156\"><button type=\"submit\" name=\"wpforms[submit]\" id=\"wpforms-submit-10\" class=\"wpforms-submit\" data-alt-text=\"Wysy\u0142anie...\" data-submit-text=\"Wy\u015blij \" aria-live=\"assertive\" value=\"wpforms-submit\">Wy\u015blij <\/button><img src=\"https:\/\/tarwat.pl\/wp-content\/plugins\/wpforms\/assets\/images\/submit-spin.svg\" class=\"wpforms-submit-spinner\" style=\"display: none;\" width=\"26\" height=\"26\" alt=\"Wczytywanie\"><\/div><\/form><\/div>  <!-- .wpforms-container --><\/span><\/p><\/div><\/div><\/div><\/div><\/div><div class=\"vce-col vce-col--md-5p vce-col--xs-1 vce-col--xs-last vce-col--xs-first vce-col--sm-last vce-col--sm-first vce-col--md-last vce-col--lg-last vce-col--xl-last\" id=\"el-3b5314bd\"><div class=\"vce-col-inner\" data-vce-do-apply=\"border margin background  el-3b5314bd\"><div class=\"vce-col-content\" data-vce-element-content=\"true\" data-vce-do-apply=\"padding el-3b5314bd\"><div class=\"vcv-row-control-wrapper\"><\/div><\/div><\/div><\/div><\/div><\/div><\/div><div class=\"vce-row-container\"><div class=\"vce-row vce-row--col-gap-30 vce-row-equal-height vce-row-content--top\" data-vce-full-width=\"true\" data-vce-stretch-content=\"true\" id=\"el-bc68918f\" data-vce-do-apply=\"all el-bc68918f\"><div class=\"vce-row-content\" data-vce-element-content=\"true\"><div class=\"vce-col vce-col--md-5p vce-col--xs-1 vce-col--xs-last vce-col--xs-first vce-col--sm-last vce-col--sm-first vce-col--md-first vce-col--lg-first vce-col--xl-first\" id=\"el-b82cde87\"><div class=\"vce-col-inner\" data-vce-do-apply=\"border margin background  el-b82cde87\"><div class=\"vce-col-content\" data-vce-element-content=\"true\" data-vce-do-apply=\"padding el-b82cde87\"><div class=\"vcv-row-control-wrapper\"><\/div><\/div><\/div><\/div><div class=\"vce-col vce-col--md-90p vce-col--xs-1 vce-col--xs-last vce-col--xs-first vce-col--sm-last vce-col--sm-first\" id=\"el-7da9b953\"><div class=\"vce-col-inner\" data-vce-do-apply=\"border margin background  el-7da9b953\"><div class=\"vce-col-content\" data-vce-element-content=\"true\" data-vce-do-apply=\"padding el-7da9b953\"><div class=\"vce-google-maps vce-google-maps--align-left\"><div class=\"vce-google-maps-wrapper vce vce-google-maps-proportional\" id=\"el-e9fdc440\" data-vce-do-apply=\"all el-e9fdc440\" style=\"width: 2000px; height: auto;\"><div class=\"vce-google-maps-inner\" style=\"padding-bottom: 27.5%;\"><iframe src=\"https:\/\/www.google.com\/maps\/embed?pb=!1m18!1m12!1m3!1d2565.132197989086!2d20.949659976807904!3d49.990130920400524!2m3!1f0!2f0!3f0!3m2!1i1024!2i768!4f13.1!3m3!1m2!1s0x473d85cec77fb377%3A0xb25b0e42313f92c0!2sTARWAT!5e0!3m2!1spl!2spl!4v1719152385802!5m2!1spl!2spl\" width=\"2000\" height=\"550\" style=\"border: 0px; pointer-events: none;\" allowfullscreen=\"\" loading=\"lazy\" referrerpolicy=\"no-referrer-when-downgrade\"><\/iframe><\/div><\/div><\/div><\/div><\/div><\/div><div class=\"vce-col vce-col--md-5p vce-col--xs-1 vce-col--xs-last vce-col--xs-first vce-col--sm-last vce-col--sm-first vce-col--md-last vce-col--lg-last vce-col--xl-last\" id=\"el-ea8b0adc\"><div class=\"vce-col-inner\" data-vce-do-apply=\"border margin background  el-ea8b0adc\"><div class=\"vce-col-content\" data-vce-element-content=\"true\" data-vce-do-apply=\"padding el-ea8b0adc\"><div class=\"vcv-row-control-wrapper\"><\/div><\/div><\/div><\/div><\/div><\/div><\/div>","protected":false},"excerpt":{"rendered":"<p>+48 796 025 474 biuro@tarwat.pl TARWAT Sp. z o.o.Pi\u0142sudskiego 533-100 Tarn\u00f3w NIP&nbsp; &nbsp; &nbsp; &nbsp; &nbsp; &nbsp;9930674826 REGON&nbsp; &nbsp; &nbsp; 385030497 KRS&nbsp; &nbsp; &nbsp; &nbsp; &nbsp;0000817934 Biuro czynne w godzinach Poniedzia\u0142ek &#8211; Pi\u0105tek&nbsp; &nbsp; &nbsp; &nbsp;9:00 &#8211; 15:00 Kontakt telefoniczny w godzinach Poniedzia\u0142ek &#8211; Pi\u0105tek&nbsp; &nbsp; &nbsp; &nbsp;8:00 &#8211; 19:00 [&hellip;]<\/p>\n","protected":false},"author":1,"featured_media":317,"parent":0,"menu_order":0,"comment_status":"closed","ping_status":"closed","template":"","meta":{"footnotes":""},"class_list":["post-156","page","type-page","status-publish","has-post-thumbnail","hentry"],"_links":{"self":[{"href":"https:\/\/tarwat.pl\/index.php\/wp-json\/wp\/v2\/pages\/156"}],"collection":[{"href":"https:\/\/tarwat.pl\/index.php\/wp-json\/wp\/v2\/pages"}],"about":[{"href":"https:\/\/tarwat.pl\/index.php\/wp-json\/wp\/v2\/types\/page"}],"author":[{"embeddable":true,"href":"https:\/\/tarwat.pl\/index.php\/wp-json\/wp\/v2\/users\/1"}],"replies":[{"embeddable":true,"href":"https:\/\/tarwat.pl\/index.php\/wp-json\/wp\/v2\/comments?post=156"}],"version-history":[{"count":18,"href":"https:\/\/tarwat.pl\/index.php\/wp-json\/wp\/v2\/pages\/156\/revisions"}],"predecessor-version":[{"id":1497,"href":"https:\/\/tarwat.pl\/index.php\/wp-json\/wp\/v2\/pages\/156\/revisions\/1497"}],"wp:featuredmedia":[{"embeddable":true,"href":"https:\/\/tarwat.pl\/index.php\/wp-json\/wp\/v2\/media\/317"}],"wp:attachment":[{"href":"https:\/\/tarwat.pl\/index.php\/wp-json\/wp\/v2\/media?parent=156"}],"curies":[{"name":"wp","href":"https:\/\/api.w.org\/{rel}","templated":true}]}}