{"id":66,"date":"2024-06-23T09:48:45","date_gmt":"2024-06-23T07:48:45","guid":{"rendered":"https:\/\/tarwat.pl\/?page_id=66"},"modified":"2024-07-01T18:36:17","modified_gmt":"2024-07-01T16:36:17","slug":"pompy-ciepla","status":"publish","type":"page","link":"https:\/\/tarwat.pl\/index.php\/pompy-ciepla\/","title":{"rendered":"Pompy ciep\u0142a"},"content":{"rendered":"<div class=\"vce-row-container\"><div class=\"vce-row vce-row--col-gap-30 vce-row-equal-height vce-row-content--top\" data-vce-full-width=\"true\" data-vce-stretch-content=\"true\" id=\"el-8c49572a\" data-vce-do-apply=\"all el-8c49572a\"><div class=\"vce-row-content\" data-vce-element-content=\"true\"><div class=\"vce-col vce-col--md-5p vce-col--xs-1 vce-col--xs-last vce-col--xs-first vce-col--sm-last vce-col--sm-first vce-col--md-first vce-col--lg-first vce-col--xl-first\" id=\"el-9f4b9c5b\"><div class=\"vce-col-inner\" data-vce-do-apply=\"border margin background  el-9f4b9c5b\"><div class=\"vce-col-content\" data-vce-element-content=\"true\" data-vce-do-apply=\"padding el-9f4b9c5b\"><div class=\"vcv-row-control-wrapper\"><\/div><\/div><\/div><\/div><div class=\"vce-col vce-col--md-45p vce-col--xs-1 vce-col--xs-last vce-col--xs-first vce-col--sm-last vce-col--sm-first\" id=\"el-082d466a\"><div class=\"vce-col-inner\" data-vce-do-apply=\"border margin background  el-082d466a\"><div class=\"vce-col-content\" data-vce-element-content=\"true\" data-vce-do-apply=\"padding el-082d466a\"><div class=\"vce-feature-description vce\" id=\"el-24a8130b\" data-vce-do-apply=\"all el-24a8130b\"><div><div class=\"vce-feature-description-image-wrapper vce-feature-description-image-align--center\" style=\"width: 300px;\"><div class=\"vce-feature-description-image vce-features-shape--filled-rounded vce-feature-description-image--background-position-center-center\" style=\"background-image: url('https:\/\/tarwat.pl\/wp-content\/uploads\/2024\/06\/Kwadrat-166556964695-min.jpg'); padding: 0px 0px 100%;\"><\/div><\/div><div class=\"vce-feature-description-content\"><h1 style=\"text-transform: uppercase; text-align: center;\">informacje<\/h1><\/div><div class=\"vce-button--style-outline-container vce-button--style-outline-container--align-center\"><span class=\"vce-button--style-outline-wrapper vce\" id=\"el-3abbcbfd\" data-vce-do-apply=\"margin el-3abbcbfd\"><a class=\"vce-button vce-button--style-outline-animated vce-button--style-outline--border-round vce-button--style-outline--size-medium vce-button--style-outline-animated--color-b-255-255-255--fff--3d3d3d vce-button--style-outline-animated--border-color-ba-0-0-0-0--3d3d3d vce-button--style-outline-animated--background-color-b-85-85-85\" href=\"https:\/\/tarwat.pl\/index.php\/pompy-ciepla-informacje\/\" title=\"\" data-vce-do-apply=\"padding border background  el-3abbcbfd\"><span class=\"vce-button--style-outline-text\">Dowiedz si\u0119 wi\u0119cej...<\/span><\/a><\/span><\/div><\/div><\/div><\/div><\/div><\/div><div class=\"vce-col vce-col--md-45p vce-col--xs-1 vce-col--xs-last vce-col--xs-first vce-col--sm-last vce-col--sm-first\" id=\"el-763c5ac9\"><div class=\"vce-col-inner\" data-vce-do-apply=\"border margin background  el-763c5ac9\"><div class=\"vce-col-content\" data-vce-element-content=\"true\" data-vce-do-apply=\"padding el-763c5ac9\"><div class=\"vce-feature-description vce\" id=\"el-71a494d2\" data-vce-do-apply=\"all el-71a494d2\"><div><div class=\"vce-feature-description-image-wrapper vce-feature-description-image-align--center\" style=\"width: 300px;\"><div class=\"vce-feature-description-image vce-features-shape--filled-rounded vce-feature-description-image--background-position-center-center\" style=\"background-image: url('https:\/\/tarwat.pl\/wp-content\/uploads\/2024\/06\/IMG_20230522_120130.jpg'); padding: 0px 0px 100%;\"><\/div><\/div><div class=\"vce-feature-description-content\"><h1 style=\"text-transform: uppercase; text-align: center;\">szafy hydrauliczne<\/h1><\/div><div class=\"vce-button--style-outline-container vce-button--style-outline-container--align-center\"><span class=\"vce-button--style-outline-wrapper vce\" id=\"el-b12ca05d\" data-vce-do-apply=\"margin el-b12ca05d\"><a class=\"vce-button vce-button--style-outline-animated vce-button--style-outline--border-round vce-button--style-outline--size-medium vce-button--style-outline-animated--color-b-255-255-255--fff--3d3d3d vce-button--style-outline-animated--border-color-ba-0-0-0-0--3d3d3d vce-button--style-outline-animated--background-color-b-85-85-85\" href=\"https:\/\/tarwat.pl\/index.php\/szafy-hydrauliczne\/\" title=\"\" data-vce-do-apply=\"padding border background  el-b12ca05d\"><span class=\"vce-button--style-outline-text\">Dowiedz si\u0119 wi\u0119cej...<\/span><\/a><\/span><\/div><\/div><\/div><\/div><\/div><\/div><div class=\"vce-col vce-col--md-5p vce-col--xs-1 vce-col--xs-last vce-col--xs-first vce-col--sm-last vce-col--sm-first vce-col--md-last vce-col--lg-last vce-col--xl-last\" id=\"el-d3a8caa4\"><div class=\"vce-col-inner\" data-vce-do-apply=\"border margin background  el-d3a8caa4\"><div class=\"vce-col-content\" data-vce-element-content=\"true\" data-vce-do-apply=\"padding el-d3a8caa4\"><div class=\"vcv-row-control-wrapper\"><\/div><\/div><\/div><\/div><\/div><\/div><\/div><div class=\"vce-row-container\"><div class=\"vce-row vce-row--col-gap-30 vce-row-equal-height vce-row-content--top\" data-vce-full-width=\"true\" data-vce-stretch-content=\"true\" id=\"el-aafc95df\" data-vce-do-apply=\"all el-aafc95df\"><div class=\"vce-row-content\" data-vce-element-content=\"true\"><div class=\"vce-col vce-col--md-5p vce-col--xs-1 vce-col--xs-last vce-col--xs-first vce-col--sm-last vce-col--sm-first vce-col--md-first vce-col--lg-first vce-col--xl-first\" id=\"el-480fbc62\"><div class=\"vce-col-inner\" data-vce-do-apply=\"border margin background  el-480fbc62\"><div class=\"vce-col-content\" data-vce-element-content=\"true\" data-vce-do-apply=\"padding el-480fbc62\"><div class=\"vcv-row-control-wrapper\"><\/div><\/div><\/div><\/div><div class=\"vce-col vce-col--md-45p vce-col--xs-1 vce-col--xs-last vce-col--xs-first vce-col--sm-last vce-col--sm-first\" id=\"el-ad5a0c74\"><div class=\"vce-col-inner\" data-vce-do-apply=\"border margin background  el-ad5a0c74\"><div class=\"vce-col-content\" data-vce-element-content=\"true\" data-vce-do-apply=\"padding el-ad5a0c74\"><div class=\"vce-feature-description vce\" id=\"el-e432ecac\" data-vce-do-apply=\"all el-e432ecac\"><div><div class=\"vce-feature-description-image-wrapper vce-feature-description-image-align--center\" style=\"width: 300px;\"><div class=\"vce-feature-description-image vce-features-shape--filled-rounded vce-feature-description-image--background-position-center-center\" style=\"background-image: url('https:\/\/tarwat.pl\/wp-content\/uploads\/2024\/06\/20230526_080925-\u2014-kwadrat.jpg'); padding: 0px 0px 100%;\"><\/div><\/div><div class=\"vce-feature-description-content\"><h1 style=\"text-transform: uppercase; text-align: center;\">Jak dobra\u0107 pomp\u0119 ciep\u0142a?<\/h1><\/div><div class=\"vce-button--style-outline-container vce-button--style-outline-container--align-center\"><span class=\"vce-button--style-outline-wrapper vce\" id=\"el-945382b2\" data-vce-do-apply=\"margin el-945382b2\"><a class=\"vce-button vce-button--style-outline-animated vce-button--style-outline--border-round vce-button--style-outline--size-medium vce-button--style-outline-animated--color-b-255-255-255--fff--3d3d3d vce-button--style-outline-animated--border-color-ba-0-0-0-0--3d3d3d vce-button--style-outline-animated--background-color-b-85-85-85\" href=\"https:\/\/tarwat.pl\/index.php\/jak-dobrac-pompe-ciepla\/\" title=\"\" data-vce-do-apply=\"padding border background  el-945382b2\"><span class=\"vce-button--style-outline-text\">Dowiedz si\u0119 wi\u0119cej...<\/span><\/a><\/span><\/div><\/div><\/div><\/div><\/div><\/div><div class=\"vce-col vce-col--md-45p vce-col--xs-1 vce-col--xs-last vce-col--xs-first vce-col--sm-last vce-col--sm-first\" id=\"el-69316e6d\"><div class=\"vce-col-inner\" data-vce-do-apply=\"border margin background  el-69316e6d\"><div class=\"vce-col-content\" data-vce-element-content=\"true\" data-vce-do-apply=\"padding el-69316e6d\"><div class=\"vce-feature-description vce\" id=\"el-0fd5a704\" data-vce-do-apply=\"all el-0fd5a704\"><div><div class=\"vce-feature-description-image-wrapper vce-feature-description-image-align--center\" style=\"width: 300px;\"><div class=\"vce-feature-description-image vce-features-shape--filled-rounded vce-feature-description-image--background-position-center-center\" style=\"background-image: url('https:\/\/tarwat.pl\/wp-content\/uploads\/2024\/06\/IMG_20230615_114538-kwadrat-scaled.jpg'); padding: 0px 0px 100%;\"><\/div><\/div><div class=\"vce-feature-description-content\"><h1 style=\"text-transform: uppercase; text-align: center;\">jak przygotowa\u0107 kot\u0142owni\u0119?<\/h1><\/div><div class=\"vce-button--style-outline-container vce-button--style-outline-container--align-center\"><span class=\"vce-button--style-outline-wrapper vce\" id=\"el-a157a699\" data-vce-do-apply=\"margin el-a157a699\"><a class=\"vce-button vce-button--style-outline-animated vce-button--style-outline--border-round vce-button--style-outline--size-medium vce-button--style-outline-animated--color-b-255-255-255--fff--3d3d3d vce-button--style-outline-animated--border-color-ba-0-0-0-0--3d3d3d vce-button--style-outline-animated--background-color-b-85-85-85\" href=\"https:\/\/tarwat.pl\/index.php\/jak-przygotowac-kotlownie\/\" title=\"\" data-vce-do-apply=\"padding border background  el-a157a699\"><span class=\"vce-button--style-outline-text\">Dowiedz si\u0119 wi\u0119cej...<\/span><\/a><\/span><\/div><\/div><\/div><\/div><\/div><\/div><div class=\"vce-col vce-col--md-5p vce-col--xs-1 vce-col--xs-last vce-col--xs-first vce-col--sm-last vce-col--sm-first vce-col--md-last vce-col--lg-last vce-col--xl-last\" id=\"el-67687da4\"><div class=\"vce-col-inner\" data-vce-do-apply=\"border margin background  el-67687da4\"><div class=\"vce-col-content\" data-vce-element-content=\"true\" data-vce-do-apply=\"padding el-67687da4\"><div class=\"vcv-row-control-wrapper\"><\/div><\/div><\/div><\/div><\/div><\/div><\/div><div class=\"vce-row-container\"><div class=\"vce-row vce-row--col-gap-30 vce-row-equal-height vce-row-content--top\" data-vce-full-width=\"true\" data-vce-stretch-content=\"true\" id=\"el-3c071669\" data-vce-do-apply=\"all el-3c071669\"><div class=\"vce-row-content\" data-vce-element-content=\"true\"><div class=\"vce-col vce-col--md-5p vce-col--xs-1 vce-col--xs-last vce-col--xs-first vce-col--sm-last vce-col--sm-first vce-col--md-first vce-col--lg-first vce-col--xl-first\" id=\"el-c668d348\"><div class=\"vce-col-inner\" data-vce-do-apply=\"border margin background  el-c668d348\"><div class=\"vce-col-content\" data-vce-element-content=\"true\" data-vce-do-apply=\"padding el-c668d348\"><div class=\"vcv-row-control-wrapper\"><\/div><\/div><\/div><\/div><div class=\"vce-col vce-col--md-22-5p vce-col--xs-1 vce-col--xs-last vce-col--xs-first vce-col--sm-last vce-col--sm-first\" id=\"el-5104eb2d\"><div class=\"vce-col-inner\" data-vce-do-apply=\"border margin background  el-5104eb2d\"><div class=\"vce-col-content\" data-vce-element-content=\"true\" data-vce-do-apply=\"padding el-5104eb2d\"><div class=\"vcv-row-control-wrapper\"><\/div><\/div><\/div><\/div><div class=\"vce-col vce-col--md-45p vce-col--xs-1 vce-col--xs-last vce-col--xs-first vce-col--sm-last vce-col--sm-first\" id=\"el-79eb7647\"><div class=\"vce-col-inner\" data-vce-do-apply=\"border margin background  el-79eb7647\"><div class=\"vce-col-content\" data-vce-element-content=\"true\" data-vce-do-apply=\"padding el-79eb7647\"><div class=\"vce-feature-description vce\" id=\"el-9f1f553a\" data-vce-do-apply=\"all el-9f1f553a\"><div><div class=\"vce-feature-description-image-wrapper vce-feature-description-image-align--center\" style=\"width: 300px;\"><div class=\"vce-feature-description-image vce-features-shape--filled-rounded vce-feature-description-image--background-position-center-center\" style=\"background-image: url('https:\/\/tarwat.pl\/wp-content\/uploads\/2024\/06\/IMG_2184-kwadrat.jpg'); padding: 0px 0px 100%;\"><\/div><\/div><div class=\"vce-feature-description-content\"><h1 style=\"text-transform: uppercase; text-align: center;\">oferta pomp ciep\u0142a<\/h1><\/div><div class=\"vce-button--style-outline-container vce-button--style-outline-container--align-center\"><span class=\"vce-button--style-outline-wrapper vce\" id=\"el-6965810f\" data-vce-do-apply=\"margin el-6965810f\"><a class=\"vce-button vce-button--style-outline-animated vce-button--style-outline--border-round vce-button--style-outline--size-medium vce-button--style-outline-animated--color-b-255-255-255--fff--3d3d3d vce-button--style-outline-animated--border-color-ba-0-0-0-0--3d3d3d vce-button--style-outline-animated--background-color-b-85-85-85\" href=\"https:\/\/tarwat.pl\/index.php\/pompy-ciepla-oferta\/\" title=\"\" data-vce-do-apply=\"padding border background  el-6965810f\"><span class=\"vce-button--style-outline-text\">Dowiedz si\u0119 wi\u0119cej...<\/span><\/a><\/span><\/div><\/div><\/div><\/div><\/div><\/div><div class=\"vce-col vce-col--md-22-5p vce-col--xs-1 vce-col--xs-last vce-col--xs-first vce-col--sm-last vce-col--sm-first\" id=\"el-00602810\"><div class=\"vce-col-inner\" data-vce-do-apply=\"border margin background  el-00602810\"><div class=\"vce-col-content\" data-vce-element-content=\"true\" data-vce-do-apply=\"padding el-00602810\"><div class=\"vcv-row-control-wrapper\"><\/div><\/div><\/div><\/div><div class=\"vce-col vce-col--md-5p vce-col--xs-1 vce-col--xs-last vce-col--xs-first vce-col--sm-last vce-col--sm-first vce-col--md-last vce-col--lg-last vce-col--xl-last\" id=\"el-4cdebd41\"><div class=\"vce-col-inner\" data-vce-do-apply=\"border margin background  el-4cdebd41\"><div class=\"vce-col-content\" data-vce-element-content=\"true\" data-vce-do-apply=\"padding el-4cdebd41\"><div class=\"vcv-row-control-wrapper\"><\/div><\/div><\/div><\/div><\/div><\/div><\/div>","protected":false},"excerpt":{"rendered":"<p>informacjeDowiedz si\u0119 wi\u0119cej&#8230;szafy hydrauliczneDowiedz si\u0119 wi\u0119cej&#8230;Jak dobra\u0107 pomp\u0119 ciep\u0142a?Dowiedz si\u0119 wi\u0119cej&#8230;jak przygotowa\u0107 kot\u0142owni\u0119?Dowiedz si\u0119 wi\u0119cej&#8230;oferta pomp ciep\u0142aDowiedz si\u0119 wi\u0119cej&#8230;<\/p>\n","protected":false},"author":1,"featured_media":1109,"parent":0,"menu_order":0,"comment_status":"closed","ping_status":"closed","template":"","meta":{"footnotes":""},"class_list":["post-66","page","type-page","status-publish","has-post-thumbnail","hentry"],"_links":{"self":[{"href":"https:\/\/tarwat.pl\/index.php\/wp-json\/wp\/v2\/pages\/66"}],"collection":[{"href":"https:\/\/tarwat.pl\/index.php\/wp-json\/wp\/v2\/pages"}],"about":[{"href":"https:\/\/tarwat.pl\/index.php\/wp-json\/wp\/v2\/types\/page"}],"author":[{"embeddable":true,"href":"https:\/\/tarwat.pl\/index.php\/wp-json\/wp\/v2\/users\/1"}],"replies":[{"embeddable":true,"href":"https:\/\/tarwat.pl\/index.php\/wp-json\/wp\/v2\/comments?post=66"}],"version-history":[{"count":26,"href":"https:\/\/tarwat.pl\/index.php\/wp-json\/wp\/v2\/pages\/66\/revisions"}],"predecessor-version":[{"id":1362,"href":"https:\/\/tarwat.pl\/index.php\/wp-json\/wp\/v2\/pages\/66\/revisions\/1362"}],"wp:featuredmedia":[{"embeddable":true,"href":"https:\/\/tarwat.pl\/index.php\/wp-json\/wp\/v2\/media\/1109"}],"wp:attachment":[{"href":"https:\/\/tarwat.pl\/index.php\/wp-json\/wp\/v2\/media?parent=66"}],"curies":[{"name":"wp","href":"https:\/\/api.w.org\/{rel}","templated":true}]}}