{"id":73,"date":"2024-06-23T09:48:45","date_gmt":"2024-06-23T07:48:45","guid":{"rendered":"https:\/\/tarwat.pl\/?page_id=73"},"modified":"2025-03-12T09:43:29","modified_gmt":"2025-03-12T08:43:29","slug":"pompy-ciepla-kensol","status":"publish","type":"page","link":"https:\/\/tarwat.pl\/index.php\/pompy-ciepla-kensol\/","title":{"rendered":"Pompy ciep\u0142a KenSol"},"content":{"rendered":"<div class=\"vce-row-container\"><div class=\"vce-row vce-row--col-gap-30 vce-row-equal-height vce-row-content--middle\" data-vce-full-width=\"true\" data-vce-stretch-content=\"true\" id=\"el-1f6a103b\" data-vce-do-apply=\"all el-1f6a103b\"><div class=\"vce-row-content\" data-vce-element-content=\"true\"><div class=\"vce-col vce-col--md-5p vce-col--xs-1 vce-col--xs-last vce-col--xs-first vce-col--sm-last vce-col--sm-first vce-col--md-first vce-col--lg-first vce-col--xl-first\" id=\"el-e617aed1\"><div class=\"vce-col-inner\" data-vce-do-apply=\"border margin background  el-e617aed1\"><div class=\"vce-col-content\" data-vce-element-content=\"true\" data-vce-do-apply=\"padding el-e617aed1\"><div class=\"vcv-row-control-wrapper\"><\/div><\/div><\/div><\/div><div class=\"vce-col vce-col--md-60p vce-col--xs-1 vce-col--xs-last vce-col--xs-first vce-col--sm-last vce-col--sm-first\" id=\"el-0acc6908\"><div class=\"vce-col-inner\" data-vce-do-apply=\"border margin background  el-0acc6908\"><div class=\"vce-col-content\" data-vce-element-content=\"true\" data-vce-do-apply=\"padding el-0acc6908\"><div class=\"vce-faq-toggle vce-faq-toggle-color--fff vce-faq-toggle-shape-color--b-68-112-37 vce-faq-toggle-shape--rounded\"><div class=\"vce-faq-toggle-wrapper vce\" id=\"el-394fb62e\" data-vce-do-apply=\"margin padding border background  el-394fb62e\"><div class=\"vce-faq-toggle-inner\"><div class=\"vce-faq-toggle-title\"><h4 class=\"vce-faq-toggle-title-text\" aria-controls=\"faqToggle-394fb62e\" aria-expanded=\"false\"><i class=\"vce-faq-toggle-icon\"><\/i>KTM 6KW<\/h4><\/div><div class=\"vce-faq-toggle-text-block\" role=\"region\" id=\"faqToggle-394fb62e\"><p>CICHA PRACA | MAKSYMALNA WYDAJNO\u015a\u0106<\/p>\n<p>Pompa ciep\u0142a polskiej marki Kensol o&nbsp;mocy 6kW z&nbsp;wbudowan\u0105 niezale\u017cn\u0105 spr\u0119\u017cark\u0105 Panasonic DC Twin Rotary. Obj\u0119ta 5-letnim okresem gwarancyjnym polskiego, autoryzowanego serwisu. Stworzona w&nbsp;klasie energetycznej A+++ (W35) zapewniaj\u0105cej niski pob\u00f3r pr\u0105du.<\/p>\n<p><span style=\"font-size: 8pt;\">\u0179r\u00f3d\u0142o: <\/span><span style=\"font-size: 8pt;\">https:\/\/kensol.pl\/oferta\/pompy-ciepla\/ktm-6kw<\/span><\/p><\/div><\/div><\/div><\/div><div class=\"vce-faq-toggle vce-faq-toggle-color--fff vce-faq-toggle-shape-color--b-68-112-37 vce-faq-toggle-shape--rounded\"><div class=\"vce-faq-toggle-wrapper vce\" id=\"el-3ed6b681\" data-vce-do-apply=\"margin padding border background  el-3ed6b681\"><div class=\"vce-faq-toggle-inner\"><div class=\"vce-faq-toggle-title\"><h4 class=\"vce-faq-toggle-title-text\" aria-controls=\"faqToggle-3ed6b681\" aria-expanded=\"false\"><i class=\"vce-faq-toggle-icon\"><\/i>KTM 10KW <\/h4><\/div><div class=\"vce-faq-toggle-text-block\" role=\"region\" id=\"faqToggle-3ed6b681\"><p>P\u0141YNNA PRACA | EFEKTYWNE DZIA\u0141ANIE<\/p>\n<p>Pompa ciep\u0142a polskiej marki Kensol o&nbsp;mocy 10kW z&nbsp;wbudowan\u0105 niezale\u017cn\u0105 spr\u0119\u017cark\u0105 Panasonic DC Twin Rotary gwarantuj\u0105c\u0105 cich\u0105 oraz p\u0142ynn\u0105 prac\u0119 w&nbsp;temperaturach od -30\u00b0C do nawet 32\u00b0C. Nowoczesny design oraz korzystny wsp\u00f3\u0142czynnik COP czyni\u0105 j\u0105 konkurencyjn\u0105 na rynku pomp ciep\u0142a w&nbsp;Europie.<\/p>\n<p><span style=\"font-size: 8pt;\">\u0179r\u00f3d\u0142o: <\/span><span style=\"font-size: 8pt;\">https:\/\/kensol.pl\/oferta\/pompy-ciepla\/ktm-10kw<\/span><\/p><\/div><\/div><\/div><\/div><div class=\"vce-faq-toggle vce-faq-toggle-color--fff vce-faq-toggle-shape-color--b-68-112-37 vce-faq-toggle-shape--rounded\"><div class=\"vce-faq-toggle-wrapper vce\" id=\"el-f604b409\" data-vce-do-apply=\"margin padding border background  el-f604b409\"><div class=\"vce-faq-toggle-inner\"><div class=\"vce-faq-toggle-title\"><h4 class=\"vce-faq-toggle-title-text\" aria-controls=\"faqToggle-f604b409\" aria-expanded=\"false\"><i class=\"vce-faq-toggle-icon\"><\/i>KTM 14KW<\/h4><\/div><div class=\"vce-faq-toggle-text-block\" role=\"region\" id=\"faqToggle-f604b409\"><p>WYSOKA SPRAWNOS\u0106 | MAKSYMALNA WYDAJNO\u015a\u0106<\/p>\n<p>Pompa ciep\u0142a polskiej marki Kensol typu monoblok o&nbsp;mocy 14kW z&nbsp;wbudowan\u0105 niezale\u017cn\u0105 spr\u0119\u017cark\u0105 Panasonic DC Twin Rotary. Obj\u0119ta 5-letnim okresem gwarancyjnym oraz opiek\u0105 serwisow\u0105. Gwarantuje p\u0142ynn\u0105 prac\u0119 w&nbsp;temperaturach od -30\u00b0C do 43\u00b0C.<\/p>\n<p><span style=\"font-size: 8pt;\">\u0179r\u00f3d\u0142o: <\/span><span style=\"font-size: 8pt;\">https:\/\/kensol.pl\/oferta\/pompy-ciepla\/ktm-14kw<\/span><\/p><\/div><\/div><\/div><\/div><div class=\"vce-faq-toggle vce-faq-toggle-color--fff vce-faq-toggle-shape-color--b-68-112-37 vce-faq-toggle-shape--rounded\"><div class=\"vce-faq-toggle-wrapper vce\" id=\"el-c9404195\" data-vce-do-apply=\"margin padding border background  el-c9404195\"><div class=\"vce-faq-toggle-inner\"><div class=\"vce-faq-toggle-title\"><h4 class=\"vce-faq-toggle-title-text\" aria-controls=\"faqToggle-c9404195\" aria-expanded=\"false\"><i class=\"vce-faq-toggle-icon\"><\/i>KTM 17KW<\/h4><\/div><div class=\"vce-faq-toggle-text-block\" role=\"region\" id=\"faqToggle-c9404195\"><p>WYSOKA JAKO\u015a\u0106 | MAKSYMALNA WYDAJNO\u015a\u0106<\/p>\n<p>Pompa ciep\u0142a polskiej marki KenSol typu monoblok o mocy 17kW z wbudowan\u0105 niezale\u017cn\u0105 spr\u0119\u017cark\u0105 Panasonic DC Twin Rotary. Wykorzystuje ekologiczny czynnik ch\u0142odniczy R32, co czyni j\u0105 jeszcze bardziej ekologiczn\u0105. Obj\u0119ta 5-letni\u0105 gwarancj\u0105 oraz polskim serwisem.<\/p>\n<p style=\"background: white; margin: 0cm 0cm 11.25pt 0cm;\"><span style=\"font-size: 8.0pt; font-family: 'Arial',sans-serif; color: #3c4858;\">\u0179r\u00f3d\u0142o: <\/span><span style=\"font-size: 8.0pt; font-family: 'Arial',sans-serif; color: #3c4858;\">https:\/\/kensol.pl\/oferta\/pompy-ciepla\/ktm-17kw<\/span><span style=\"font-size: 13.5pt; font-family: 'Arial',sans-serif; color: #3c4858;\"><o:p><\/o:p><\/span><\/p><\/div><\/div><\/div><\/div><\/div><\/div><\/div><div class=\"vce-col vce-col--md-30p vce-col--xs-1 vce-col--xs-last vce-col--xs-first vce-col--sm-last vce-col--sm-first\" id=\"el-3088dff2\"><div class=\"vce-col-inner\" data-vce-do-apply=\"border margin background  el-3088dff2\"><div class=\"vce-col-content\" data-vce-element-content=\"true\" data-vce-do-apply=\"padding el-3088dff2\"><div class=\"vce-text-block\"><div class=\"vce-text-block-wrapper vce\" id=\"el-d520e093\" data-vce-do-apply=\"all el-d520e093\"><p><img loading=\"lazy\" decoding=\"async\" src=\"https:\/\/tarwat.pl\/wp-content\/uploads\/2024\/06\/KenSol-KTM-PC.png\" alt=\"\" width=\"477\" height=\"465\" class=\"alignnone size-full wp-image-872 aligncenter\" srcset=\"https:\/\/tarwat.pl\/wp-content\/uploads\/2024\/06\/KenSol-KTM-PC.png 477w, https:\/\/tarwat.pl\/wp-content\/uploads\/2024\/06\/KenSol-KTM-PC-300x292.png 300w, https:\/\/tarwat.pl\/wp-content\/uploads\/2024\/06\/KenSol-KTM-PC-320x312.png 320w\" sizes=\"(max-width: 477px) 100vw, 477px\" \/><\/p><\/div><\/div><\/div><\/div><\/div><div class=\"vce-col vce-col--md-5p vce-col--xs-1 vce-col--xs-last vce-col--xs-first vce-col--sm-last vce-col--sm-first vce-col--md-last vce-col--lg-last vce-col--xl-last\" id=\"el-b783ab6b\"><div class=\"vce-col-inner\" data-vce-do-apply=\"border margin background  el-b783ab6b\"><div class=\"vce-col-content\" data-vce-element-content=\"true\" data-vce-do-apply=\"padding el-b783ab6b\"><div class=\"vcv-row-control-wrapper\"><\/div><\/div><\/div><\/div><\/div><\/div><\/div><div class=\"vce-row-container\"><div class=\"vce-row vce-row--col-gap-30 vce-row-equal-height vce-row-content--top\" data-vce-full-width=\"true\" data-vce-stretch-content=\"true\" id=\"el-4c7e0611\" data-vce-do-apply=\"all el-4c7e0611\"><div class=\"vce-row-content\" data-vce-element-content=\"true\"><div class=\"vce-col vce-col--md-5p vce-col--xs-1 vce-col--xs-last vce-col--xs-first vce-col--sm-last vce-col--sm-first vce-col--md-first vce-col--lg-first vce-col--xl-first\" id=\"el-cc21e8cf\"><div class=\"vce-col-inner\" data-vce-do-apply=\"border margin background  el-cc21e8cf\"><div class=\"vce-col-content\" data-vce-element-content=\"true\" data-vce-do-apply=\"padding el-cc21e8cf\"><div class=\"vcv-row-control-wrapper\"><\/div><\/div><\/div><\/div><div class=\"vce-col vce-col--md-90p vce-col--xs-1 vce-col--xs-last vce-col--xs-first vce-col--sm-last vce-col--sm-first\" id=\"el-5928f9b8\"><div class=\"vce-col-inner\" data-vce-do-apply=\"border margin background  el-5928f9b8\"><div class=\"vce-col-content\" data-vce-element-content=\"true\" data-vce-do-apply=\"padding el-5928f9b8\"><div class=\"vce-image-gallery vce-image-gallery--gap-5 vce-image-gallery--columns-3\"><div class=\"vce-image-gallery-wrapper vce\" id=\"el-5a9f59cb\" data-vce-do-apply=\"all el-5a9f59cb\"><div class=\"vce-image-gallery-list\"><div class=\"vce-image-gallery-item\"><figure class=\"vce-image-gallery-item-inner-wrapper\"><a href=\"https:\/\/tarwat.pl\/wp-content\/uploads\/2024\/06\/IMG_2205.jpg\" data-lightbox=\"lightbox-5a9f59cb\" class=\"vce-image-gallery-item-inner\"><img decoding=\"async\" class=\"vce-image-gallery-img\" src=\"https:\/\/tarwat.pl\/wp-content\/uploads\/2024\/06\/IMG_2205-1024x683.jpg\" alt=\"\" title=\"\"><\/a><\/figure><\/div><div class=\"vce-image-gallery-item\"><figure class=\"vce-image-gallery-item-inner-wrapper\"><a href=\"https:\/\/tarwat.pl\/wp-content\/uploads\/2024\/06\/IMG_2184-kwadrat.jpg\" data-lightbox=\"lightbox-5a9f59cb\" class=\"vce-image-gallery-item-inner\"><img decoding=\"async\" class=\"vce-image-gallery-img\" src=\"https:\/\/tarwat.pl\/wp-content\/uploads\/2024\/06\/IMG_2184-kwadrat-1024x1024.jpg\" alt=\"\" title=\"\"><\/a><\/figure><\/div><div class=\"vce-image-gallery-item\"><figure class=\"vce-image-gallery-item-inner-wrapper\"><a href=\"https:\/\/tarwat.pl\/wp-content\/uploads\/2024\/06\/KenSol-1659989936320.jpg\" data-lightbox=\"lightbox-5a9f59cb\" class=\"vce-image-gallery-item-inner\"><img decoding=\"async\" class=\"vce-image-gallery-img\" src=\"https:\/\/tarwat.pl\/wp-content\/uploads\/2024\/06\/KenSol-1659989936320.jpg\" alt=\"\" title=\"\"><\/a><\/figure><\/div><\/div><\/div><\/div><\/div><\/div><\/div><div class=\"vce-col vce-col--md-5p vce-col--xs-1 vce-col--xs-last vce-col--xs-first vce-col--sm-last vce-col--sm-first vce-col--md-last vce-col--lg-last vce-col--xl-last\" id=\"el-52077f8b\"><div class=\"vce-col-inner\" data-vce-do-apply=\"border margin background  el-52077f8b\"><div class=\"vce-col-content\" data-vce-element-content=\"true\" data-vce-do-apply=\"padding el-52077f8b\"><div class=\"vcv-row-control-wrapper\"><\/div><\/div><\/div><\/div><\/div><\/div><\/div>","protected":false},"excerpt":{"rendered":"<p>KTM 6KWCICHA PRACA | MAKSYMALNA WYDAJNO\u015a\u0106 Pompa ciep\u0142a polskiej marki Kensol o&nbsp;mocy 6kW z&nbsp;wbudowan\u0105 niezale\u017cn\u0105 spr\u0119\u017cark\u0105 Panasonic DC Twin Rotary. Obj\u0119ta 5-letnim okresem gwarancyjnym polskiego, autoryzowanego serwisu. Stworzona w&nbsp;klasie energetycznej A+++ (W35) zapewniaj\u0105cej niski pob\u00f3r pr\u0105du. \u0179r\u00f3d\u0142o: https:\/\/kensol.pl\/oferta\/pompy-ciepla\/ktm-6kwKTM 10KW P\u0141YNNA PRACA | EFEKTYWNE DZIA\u0141ANIE Pompa ciep\u0142a polskiej marki Kensol o&nbsp;mocy [&hellip;]<\/p>\n","protected":false},"author":1,"featured_media":1109,"parent":0,"menu_order":0,"comment_status":"closed","ping_status":"closed","template":"","meta":{"footnotes":""},"class_list":["post-73","page","type-page","status-publish","has-post-thumbnail","hentry"],"_links":{"self":[{"href":"https:\/\/tarwat.pl\/index.php\/wp-json\/wp\/v2\/pages\/73"}],"collection":[{"href":"https:\/\/tarwat.pl\/index.php\/wp-json\/wp\/v2\/pages"}],"about":[{"href":"https:\/\/tarwat.pl\/index.php\/wp-json\/wp\/v2\/types\/page"}],"author":[{"embeddable":true,"href":"https:\/\/tarwat.pl\/index.php\/wp-json\/wp\/v2\/users\/1"}],"replies":[{"embeddable":true,"href":"https:\/\/tarwat.pl\/index.php\/wp-json\/wp\/v2\/comments?post=73"}],"version-history":[{"count":13,"href":"https:\/\/tarwat.pl\/index.php\/wp-json\/wp\/v2\/pages\/73\/revisions"}],"predecessor-version":[{"id":1469,"href":"https:\/\/tarwat.pl\/index.php\/wp-json\/wp\/v2\/pages\/73\/revisions\/1469"}],"wp:featuredmedia":[{"embeddable":true,"href":"https:\/\/tarwat.pl\/index.php\/wp-json\/wp\/v2\/media\/1109"}],"wp:attachment":[{"href":"https:\/\/tarwat.pl\/index.php\/wp-json\/wp\/v2\/media?parent=73"}],"curies":[{"name":"wp","href":"https:\/\/api.w.org\/{rel}","templated":true}]}}